{"id":2,"date":"2009-08-10T03:41:02","date_gmt":"2009-08-10T01:41:02","guid":{"rendered":"http:\/\/www.pitknorr.de\/?page_id=2"},"modified":"2018-04-22T16:38:02","modified_gmt":"2018-04-22T15:38:02","slug":"eine-seite","status":"publish","type":"page","link":"http:\/\/www.pitknorr.de\/?page_id=2","title":{"rendered":"Biographisches"},"content":{"rendered":"<h3>Geboren am 11.August 1939 in Salzburg.<\/h3>\n<h3>Abitur 1959 Melanchton-Schule im Steinatal in Nordhessen. W\u00e4hrend der Schulzeit Mitbegr\u00fcnder der Sch\u00fclerzeitung L\u00f6schblatt. 1960 bis 1966 Studium der Germanistik, Geschichte und Politischen Wissenschaften in Heidelberg.<\/h3>\n<p><img decoding=\"async\" class=\"size-full wp-image-27 alignleft\" title=\"buegelbrett_Plattencover_420\" src=\"http:\/\/www.pitknorr.de\/wp-content\/uploads\/2009\/08\/B%C3%BCgelbrett-Plattencover_420.jpg\" alt=\"v.l.n.r.: Pit Knorr, Hannelore Kaub, Mann (ohne Brille), noch'n Mann (mit Brille).\" \/><\/p>\n<h3>Ab 1961 Texter und Schauspieler beim Heidelberger, sp\u00e4ter Berliner Kabarett Das B\u00fcgelbrett mit Hannelore Kaub. 1962 und 1963 jeweils 1. Preis des Berliner Kabarett-Festivals f\u00fcr Das B\u00fcgelbrett.<\/h3>\n<h3><img decoding=\"async\" loading=\"lazy\" class=\"alignnone size-full wp-image-104\" title=\"Bergsteiger, klein\" src=\"http:\/\/www.pitknorr.de\/wp-content\/uploads\/2009\/08\/Bergsteiger-klein.jpg\" alt=\"Bergsteiger, klein\" width=\"420\" height=\"583\" \/><\/h3>\n<h3>In der Folge mehrere ausgedehnte Deutschland-Tourneen und zwei(!) gemeinsame Auftritte mit Wolfgang Neuss. 1963 Chefredakteur der Heidelberger Studentenzeitung &#8222;Forum Academicum&#8220;. 1965 Zusammen mit Klaus Staeck Gr\u00fcndung und ein Jahr darauf Einstellung der Zeitschrift &#8222;tangente-REPORT&#8220;. 1966 Staatsexamen.<\/h3>\n<h2>1966\/67 &#8211; 1971<\/h2>\n<h3>1966\/67 Gesch\u00e4ftsf\u00fchrer, Autor und Akteur des Berliner Kabarett-Theaters &#8222;B\u00fcgelbrett&#8220;. 1967\/68 New York-Aufenthalt. U.a. Job als Weihnachtsmann in der Spielwarenabteilung des Kaufhauses &#8222;Stern Brothers&#8220;, 42 nd Str. (Das Unternehmen mu\u00dfte wenig sp\u00e4ter schlie\u00dfen.)<\/h3>\n<h3>1968 bis 1971 Redakteur, sp\u00e4ter &#8222;Textchef&#8220; der Satire-Zeitschrift PARDON.<\/h3>\n<h3 class=\"mceTemp\">\n<dt class=\"wp-caption-dt\"><img decoding=\"async\" loading=\"lazy\" class=\"size-full wp-image-105 \" title=\"ge.wae.kn-1,klein\" src=\"http:\/\/www.pitknorr.de\/wp-content\/uploads\/2009\/08\/ge.wae.kn-1klein.jpg\" alt=\"v.l.n.r. Gernhardt, Knorr, Nikel, Waechter, 1969\" width=\"420\" height=\"331\" srcset=\"http:\/\/www.pitknorr.de\/wp-content\/uploads\/2009\/08\/ge.wae.kn-1klein.jpg 420w, http:\/\/www.pitknorr.de\/wp-content\/uploads\/2009\/08\/ge.wae.kn-1klein-300x236.jpg 300w\" sizes=\"(max-width: 420px) 100vw, 420px\" \/><\/dt>\n<dt class=\"wp-caption-dt\">v.l.n.r. Gernhardt, Knorr, Nikel, Waechter, 1969<\/p>\n<\/dt>\n<\/h3>\n<h3>Seit 1971 ist Pit Knorr freier Schriftsteller und Regisseur mit Wohnsitz in Frankfurt am Main.<\/h3>\n<h5 class=\"mceTemp\">\n<dt class=\"wp-caption-dt\"><img decoding=\"async\" loading=\"lazy\" class=\"size-full wp-image-103\" title=\"Genazino-Kn-2_klein\" src=\"http:\/\/www.pitknorr.de\/wp-content\/uploads\/2009\/08\/Genazino-Kn-2_klein.jpg\" alt=\"Knorr und Genazino 1973, Tonstudio hr\" width=\"420\" height=\"529\" \/><\/dt>\n<dt class=\"wp-caption-dt\">\n<h3>Knorr und Genazino 1973, Tonstudio hr<\/h3>\n<\/dt>\n<\/h5>\n<h3>1971 &#8222;Autoren Coop&#8220; mit Wilhelm Genazino. Zahlreiche gemeinsame Features und H\u00f6spiele, u.a. &#8222;Vom fr\u00fchen Altern des Thomas S.&#8220;, &#8222;Hat Miss Mayburne eine Sexualneurose oder nicht mehr alle Tassen im Schrank?&#8220;<\/h3>\n<h3>Wilhelm Genazino war bis 1971 Redakteur bei der Frankfurter Satire-Zeitschrift Pardon.<\/h3>\n<h2>1972 &#8211; 1974<\/h2>\n<h3>5 Jahre lang, w\u00f6chentliche Satire-Kolumnen in den H\u00f6rfunkprogrammen des HR und des Saarl\u00e4ndischen Rundfunks.<\/h3>\n<h3>1972 Erste gemeinsame Radio-Comedy-Serie mit Robert Gernhardt: &#8222;Dr.Seltsams Sonntagssortiment&#8220;.<\/h3>\n<h3>1973 Radioserie: &#8222;Help-ein satirisches Aushilfsmagazin&#8220; mit Gernhardt.<\/h3>\n<h3>1974 Die Autorengruppe GEK (Gernhardt\/Eilert\/Knorr) formiert sich zu regelm\u00e4\u00dfiger, fester Zusammenarbeit. Serie &#8222;Radio ABC&#8220; (HR). &#8222;S\u00fcdpolm\u00e4del\u201c eine musikalische Comedy-Show von GEK. Musik: Frank Duvall.(HR). Beginn der Zusammenarbeit von GEK mit Otto Waalkes. In der Folge Verfasser s\u00e4mtlicher B\u00fchnen- und Fernsehshows, B\u00fccher und Filme des ostfriesischen Komikers.<\/h3>\n<h2>1975 &#8211; 1985<\/h2>\n<h3>1975 Texte und Co-Regie f\u00fcr &#8222;Dr. Muffels Telebrause&#8220; (GEK), 10-teilige Fernseh-Comedy-Serie in der ARD. 1978 Langspielplatte: &#8222;Da geht\u00b4s lang!&#8220; Ein Fernkursus f\u00fcr Weggeschrittene. Zusammen mit Robert Gernhardt. (Zweitausendeins). &#8222;Brainstorm &#8211; Denkst\u00e4rke 13&#8220;, HR-Comedy-Serie mit Bernd Eilert.<\/h3>\n<h3>1979 Gr\u00fcndung von &#8222;TITANIC &#8211; das endg\u00fcltige Satiremagazin&#8220;. Mitherausgeber. Regelm\u00e4\u00dfiger Autor bis Anfang der Neunziger Jahre. Seither sporadische Mitarbeit.<\/h3>\n<h3>1980 Das Buch OTTO (GEK) erscheint und bleibt zehn Wochen auf Platz 1 der SPIEGEL-Bestsellerliste.<\/h3>\n<h3>H\u00f6rspielfassung des Sj\u00f6wall\/Wahl\u00f6\u00f6-Romanes &#8222;Der Mann, der sich in Luft aufl\u00f6ste&#8220;. HR\/SWR (2005 als H\u00f6rbuch im Audio-Verlag erschienen).<\/h3>\n<h3>1983\u00a0 &#8222;Birne &#8211; Das Buch zum Kanzler&#8220;, illustriert von Hans Traxler (Zweitausendeins).<\/h3>\n<h3>&#8222;Wenn Hackensack kommt. &#8211; Ein Therapiewochende auf dem Forellenhof&#8220; und &#8222;Besuch der alten Schachtel &#8211; Ein Dichtertreffen auf dem Forellenhof&#8220;. Zwei neugeschnittene, neubetextete und neusynchronisierte Filme aus dem Material einer alten Fernsehserie. Gemeinsam mit Eilert und Gernhardt f\u00fcr den S\u00fcdwestfunk Baden-Baden.<\/h3>\n<h3>1984\u00a0 &#8222;Der m\u00e4chtige Max&#8220;, ein Kinderbuch zum Orwell-Jahr, illusteriert von Hans Traxler. (Diogenes).<\/h3>\n<h3>Regie f\u00fcr: &#8222;Fifty-Fifty&#8220;, eine F\u00fcnfziger-Jahre-Radio-Revue von Eilert\/Knorr. Musik: J\u00fcrgen Knieper. (SWR)<\/h3>\n<h3>1985\u00a0 Drehbuch f\u00fcr &#8222;OTTO-Der Film&#8220;. (GEK) Bislang kommerziell erfolgreichster deutscher Kinofilm aller Zeiten.<\/h3>\n<h3>&#8222;Das zweite Buch Otto&#8220; im Verlag Rasch und R\u00f6hring. (Texte:GEK)<\/h3>\n<h2>1987 &#8211; 1995<\/h2>\n<h3>1987 &#8211; 90 Die Ausstellung &#8222;25 Jahre Neue Frankfurter Schule&#8220; zeigt in mehr als 50 deutschen St\u00e4dten die Arbeiten der Zeichner F.W. Bernstein, Robert Gernhardt, Chlodwig Poth, Hans Traxler, F.K. Waechter, sowie (audio-visuell zubereitet) der Autoren Bernd Eilert , Eckhard Henscheid und Peter Knorr.<\/h3>\n<h3>1989\u00a0\u00a0 Texte ( mit B.Eilert und J.Metes) und Regie f\u00fcr &#8222;Neue Deutsche Heldensagen&#8220;, FS-Serie beim Hessischen Rundfunk.<\/h3>\n<h3>&#8222;Republica Banana&#8220; (mit Lionel van der Meulen) &#8211; satirische Radio-Serie f\u00fcr die wiedervereinigte Nation. (HR)<\/h3>\n<h3>1994-95 \u00a0 &#8222;OTTO &#8211; die Serie&#8220;. 13-teilige Fernseh-Serie unter Verwendung von Filmmatrerial aus alten Edgar Wallace-Filmen (GEK) bei RTL.<\/h3>\n<h2>Seit 1995<\/h2>\n<h3>Aktuelle Glossen f\u00fcr HR1 &#8222;Der Tag&#8220;.<\/h3>\n<h3>1996 &#8222;Ich sach ja nix, ich red ja blo\u00df&#8220; (mit Lionel van der Meulen.) Dokumentation und Feature \u00fcber Wolf Schmidt, Autor und Papa-Darsteller der &#8222;Familie Hesselbach&#8220; (HR- H\u00f6rbuch)<\/h3>\n<h3>1996-2006\u00a0 allj\u00e4hrlich am Ostersamstag Lesung mit Robert Gernhardt und G\u00e4sten bei Ulli Stein in Alf an der Mosel. (Mitschnitte WDR\/SWF\/HR)<\/h3>\n<h3>1998\u00a0 Regie f\u00fcr Marthias Belz und sein Kabarett-Programm &#8222;Notschlachten&#8220;.<\/h3>\n<h3>&#8222;Erna, der Baum nadelt&#8220;, ein Weihnachtsdrama von Eilert\/Gernhardt\/Knorr mit Illustrationen von Volker Kriegel. (Haffmanns-Verlag, sp\u00e4ter S.Fischer). Mittlerweile in der 12.Auflage mit \u00dcbersetzungen aus dem hessischen Original in zw\u00f6lf weitere deutsche Dialekte.<\/h3>\n<h3>11.August 1999\u00a0 anl\u00e4\u00dflich der Sonnenfinsternis in Frankfurt, sowie aus biografischen Gr\u00fcnden, gro\u00dfe, \u00f6ffentliche Lesung von Weihnachtstexten durch deren Verfasser Eilert\/Gernhardt\/Knorr im Antiquariat der Buchandlung Schutt. Wiederholung in M\u00fcnchen.<\/h3>\n<h3>H\u00f6rbuch &#8222;Erna, der Baum nadelt&#8220; (Heyne-Verlag).<\/h3>\n<h3>1999 &#8222;Neuer Frankfurter Abend&#8220; in der Alten Oper. Mit Anne B\u00e4renz, Frank Wolff, Robert Gernhardt u.a. Mitschnitt auf CD bei &#8222;B\u00fcchergilde Gutenberg&#8220;.<\/h3>\n<h3>&#8222;Das dicke Buch TITANIC&#8220;. Auf 304 Seiten: &#8222;Das Beste aus 20 Jahren endg\u00fcltige Satire f\u00fcr Deutschland&#8220;. Herausgegeben von Peter Knorr und Hans Zippert. (Elefanten- Press).<\/h3>\n<h3>&#8222;Es ist ein Has\u00b4 entsprungen &#8211; und andere Geschichten zum Fest&#8220; (GEK) bei S.Fischer<\/h3>\n<h3>2000\u00a0 &#8222;Mallorca &#8211; Insel der Inseln&#8220;, ein literarisches Reisebuch. Sch\u00f6ffling-Verlag.<\/h3>\n<h3>2000-2002 Regelm\u00e4\u00dfige Glossen f\u00fcr FAZ-Sonntagszeitung<\/h3>\n<h3>2000\u00a0 17 Jahre nach &#8222;BIRNE-Das Buch zum Kanzler&#8220;, erscheint der Folgeband &#8222;BIRNES letztes Abenteuer&#8220;. Das Buch zum Skandal, &#8222;ein Bilder- und Lesebuch f\u00fcr Jung und Alt&#8220; mit Texten des Autors und Illustrationen oder Cartoons von F.W. Bernstein, Manfred Bofinger, Robert Gernhardt, Greser&amp;Lenz, Bernd Pfarr, Chlodwig Poth, Hanno Rink, Hans Traxler und F.K. Waechter.<\/h3>\n<h3>&#8222;Toskana:Mallorca-Das Leseduell&#8220;, H\u00f6rbuch von Gernhardt und Knorr im Verlag Kein &amp; Aber.<\/h3>\n<h3>2002\u00a0 Das dritte Otto-Buch: &#8222;Otto-Das Buch des Friesen&#8220; (GEK), Ullstein-Verlag.<\/h3>\n<h3>&#8222;Binding-Kulturpreis der Stadt Frankfurt&#8220; f\u00fcr die Zeichner und Autoren der Neuen Frankfurter Schule.<\/h3>\n<h3>H\u00f6rbuch: &#8222;Die sch\u00e4rfsten Kritiker der Elche waren fr\u00fcher..&#8220;(GEK) Bei LIDO.<\/h3>\n<h3>Ab 2003 Beginn der Neustrukturierungsversuche des Titanic-Verlages.<\/h3>\n<h3>2004\/05\u00a0 &#8222;Das Ungeheuer von Well Ness&#8220;, (GEK) S.Fischer<\/h3>\n<h3>H\u00f6rbuch &#8222;Das Ungeheuer von Well Ness&#8220; Audio Verlag<\/h3>\n<h3>30.Juni 2006\u00a0 Robert Gernhardt stirbt<\/h3>\n<h3>2006\u00a0 \u00dcbergabe s\u00e4mtlicher Anteile der 5 Gr\u00fcnder der &#8222;TITANIC GmbH und\u00a0 C. KG&#8220; (Gernhardt\/Knorr\/Poth\/Traxler\/Waechter) an eine Gruppe ehemaliger Chefredakteure und Mitarbeiter von TITANIC (A.Frenz\/B.Fritz\/A.Greser\/O.Schmitt\/M.Sonneborn\/H.Zippert.)<\/h3>\n<h3>August 2006 \u00a0 Regie f\u00fcr die von Oliver Schmitt gelesene, f\u00fcnfst\u00fcndige H\u00f6rbuchfassung seines Romanes &#8222;Anarchoschnitzel schrien sie&#8220;.<\/h3>\n<h3>2007\u00a0 &#8222;Pisa und die Volgen&#8220;, H\u00f6rbuch einer vom WDR produzierten Lesung\u00a0 von Gernhardt Knorr (Kein und Aber)<\/h3>\n<h3>&#8222;Otto &#8211; Das Werk&#8220; (GEK) Eine Best-of-Edition im Carlsen-Verlag. Herausgeber<\/h3>\n<h3>Fortf\u00fchrung der Osterlesungen bei Uli Stein in Alf an der Mosel zusammen mit Bernd Eilert, Oliver M.Schmitt und Hans Zippert<\/h3>\n<h3>2009\u00a0\u00a0 Mitherausgeber von &#8222;Titanic &#8211; Das Erstbeste aus 30 Jahren&#8220;<\/h3>\n<h3>2011 Erweiterte Neuauflage von &#8222;Mallorca-Insel der Inseln&#8220; als rowohlt-\u00a0\u00a0\u00a0\u00a0\u00a0\u00a0\u00a0\u00a0\u00a0 Taschenbuch<\/h3>\n<h3>2012\u00a0 (in Arbeit) &#8222;Die Nacht des Schicksals&#8220; &#8211; Das Gro\u00dfe Buch der kleinen Dramen von Gernhardt\/Eilert\/Knorr<\/h3>\n<h3>2000 bis heute: Dezember-Tournee von &#8222;Erna, der Baum nadelt!&#8220; mit dem Ensemble &#8222;Pit Knorr und die Eiligen 3 K\u00f6nige&#8220; . ( Ali Neander, Markus Neumeyer und Frank Wolff) Weihnachtliche Texte u. Kammermusik Heavy Metall.<\/h3>\n<h3>2014\u00a0 Verleihung des &#8222;Gro\u00dfen B\u00e4ren&#8220; Preis f\u00fcr &#8222;Satire und versch\u00e4rfte Kommunikation&#8220; in Berlin. Laudatio: Hans Zippert!<\/h3>\n","protected":false},"excerpt":{"rendered":"<p>Geboren am 11.August 1939 in Salzburg. Abitur 1959 Melanchton-Schule im Steinatal in Nordhessen. W\u00e4hrend der Schulzeit Mitbegr\u00fcnder der Sch\u00fclerzeitung L\u00f6schblatt. 1960 bis 1966 Studium der Germanistik, Geschichte und Politischen Wissenschaften in Heidelberg. Ab 1961 Texter und Schauspieler beim Heidelberger, sp\u00e4ter Berliner Kabarett Das B\u00fcgelbrett mit Hannelore Kaub. 1962 und 1963 jeweils 1. Preis des Berliner [&hellip;]<\/p>\n","protected":false},"author":1,"featured_media":0,"parent":0,"menu_order":0,"comment_status":"open","ping_status":"open","template":"","meta":[],"_links":{"self":[{"href":"http:\/\/www.pitknorr.de\/index.php?rest_route=\/wp\/v2\/pages\/2"}],"collection":[{"href":"http:\/\/www.pitknorr.de\/index.php?rest_route=\/wp\/v2\/pages"}],"about":[{"href":"http:\/\/www.pitknorr.de\/index.php?rest_route=\/wp\/v2\/types\/page"}],"author":[{"embeddable":true,"href":"http:\/\/www.pitknorr.de\/index.php?rest_route=\/wp\/v2\/users\/1"}],"replies":[{"embeddable":true,"href":"http:\/\/www.pitknorr.de\/index.php?rest_route=%2Fwp%2Fv2%2Fcomments&post=2"}],"version-history":[{"count":14,"href":"http:\/\/www.pitknorr.de\/index.php?rest_route=\/wp\/v2\/pages\/2\/revisions"}],"predecessor-version":[{"id":26,"href":"http:\/\/www.pitknorr.de\/index.php?rest_route=\/wp\/v2\/pages\/2\/revisions\/26"}],"wp:attachment":[{"href":"http:\/\/www.pitknorr.de\/index.php?rest_route=%2Fwp%2Fv2%2Fmedia&parent=2"}],"curies":[{"name":"wp","href":"https:\/\/api.w.org\/{rel}","templated":true}]}}