{"id":152,"date":"2009-11-15T15:08:03","date_gmt":"2009-11-15T13:08:03","guid":{"rendered":"http:\/\/www.pitknorr.de\/?page_id=152"},"modified":"2010-12-30T12:12:52","modified_gmt":"2010-12-30T11:12:52","slug":"termine-termine-termine","status":"publish","type":"page","link":"http:\/\/www.pitknorr.de\/?page_id=152","title":{"rendered":"Termine, Termine"},"content":{"rendered":"<h3>\n<p>Hamburch, hier Hamburch:<\/p>\n<\/h3>\n<h3>da l\u00c3\u00a4sst man sich nicht zweimal bitten, am 27. Januar, im <a href=\"http:\/\/www.literaturhaus-hamburg.de\">Literaturhaus Hamburg<\/a>, Gast im &#8222;<a href=\"http:\/\/www.literaturhaus-hamburg.de\/lit\/schedule\/4596\/totersalonspezialvol4.html\">Toten Salon<\/a>&#8220; der Herren Henschel und K\u00c3\u00a4hler zu sein und ausgew\u00c3\u00a4hlte Spezereien aus dem Oeuvre der GEK Gruppe zum Besten zu geben.<br \/>\nAlso zum Mitschreiben:<\/h3>\n<h2>Do, 27. 1. 2011, 20 Uhr,<br \/>\nLiteraturhaus Hamburg,<br \/>\nSchwanenwik 38<\/h2>\n<h3><a href=\"http:\/\/www.literaturhaus-hamburg.de\/lit\/page\/87\/index.html\">Kartenvorverkauf<\/a><\/h3>\n<h3>Fr. 19. Februar 2010, 19 Uhr 30<\/h3>\n<h2>Er\u00c3\u00b6ffnung der Ausstellung &#8222;30 Jahre Titanic&#8220;<\/h2>\n<h3>Was? Schon wieder? Ja, aber nein: Dieses Mal in Kassel.<\/h3>\n<p>Wer dieses Furiosum in Frankfurt verpasst hat, der hat hier die Chance, z.B. in die Original 40.000 Mark-Engholm-Badewanne zu steigen und andere Highlights aus der Titanic Historie live zu erleben.<\/p>\n<p>weiteres unter: <a href=\"http:\/\/www.caricatura.de\/Kassel\/index.htm\">www.caricatura.de<\/a><\/p>\n<h3>Sa. 27. Februar 2010, 20 Uhr<\/h3>\n<h2>Lesung: TITANIC-Festkomite\u00c3\u00a9:<\/h2>\n<h3>M\u00c3\u00bcnchen, Stadtbibliothek Neuhausen<\/h3>\n<p>Pit Knorr, Oliver Maria Schmitt und Hans Zippert pr\u00c3\u00a4sentieren:<\/p>\n<p>&#8222;Das Erstbeste aus 30 Jahren Titanic&#8220;<\/p>\n<h3>Mi. 17. M\u00c3\u00a4rz 2010, 20 Uhr<\/h3>\n<h2><strong>&#8222;Das Allerbeste aus 30 Jahren&#8220; <\/strong><\/p>\n<p>Der gro\u00c3\u0178e Pit-Knorr-Abend<\/h2>\n<h3>Kassel, Caricatura<\/h3>\n<p>moderiert von Bernd Gieseking<\/p>\n<p>auch in diesem Fall d\u00c3\u00bcrfte mehr stehen unter <a href=\"http:\/\/www.caricatura.de\/Kassel\/programm\/komische\/2010\/pit_knorr_les.htm\">www.caricatura.de<\/a><\/p>\n<h3>Sa. 3. April 2010 (Ostersamstag)<\/h3>\n<p><strong> <\/strong><\/p>\n<h2><strong>&#8222;Der Kl\u00c3\u00bcgere kippt nach&#8220;<\/strong><\/p>\n<p>Ein Anti-Abstinenzlerabend<\/h2>\n<h3>mit Bernd Eilert, Pit Knorr und Oliver Maria Schmitt<\/h3>\n<p>Alf an der Mosel, Haus Waldfrieden<\/p>\n<p>&#8222;Was trinke ich &#8211; und wenn ja, wieviele?&#8220;<\/p>\n<p>Diese Frage besch\u00c3\u00a4ftigt die Menschheit heute mehr denn je. Denn das Sein bestimmt das Gutdraufseinsein b.z.W. umgekehrt. Angesichts von Rauchverbot, Enthaltsamkeitspredigern und grassierendem Fitnesswahn zeigt dieser Neue Frankfurter Schulungsabend, da\u00c3\u0178 Hochkomik und Hochgenu\u00c3\u0178 seit jeher zusammengeh\u00c3\u00b6ren.<\/p>\n<p>Die TITANIC-Mitbegr\u00c3\u00bcnder und Otto-Autoren Bernd Eilert und Pit Knorr und der ehemalige TITANIC-Chefredakteur Oliver Maria Schmitt pr\u00c3\u00a4sentieren einen fl\u00c3\u00bcssig gelesenen Abend mit Worten, Witz und  Wein f\u00c3\u00bcr Quartalslacher und Gewohnheitsgrinser, warnen vor den verheerenden Folgen des Alkoholmangels, zeigen Wege aus der Stammwirtschaftskrise und bestellen ganz zum Schlu\u00c3\u0178, wenn schon die Rechnung kommt, noch schnell ein Fa\u00c3\u0178 im Stehen. Wohlsein!<\/p>\n<p>Nicht nur wegen Details zur Lesung zu empfehlen: <a href=\"http:\/\/www.stein-weine.de\/\">www.stein-weine.de<\/a><\/p>\n<h3>Seit geraumer Zeit im Buchhandel des Vertrauens<\/h3>\n<p><img decoding=\"async\" loading=\"lazy\" src=\"http:\/\/www.pitknorr.de\/wp-content\/uploads\/2009\/08\/978-3-87134-652-1.jpg.383483.jpg\" alt=\"978-3-87134-652-1.jpg.383483\" title=\"978-3-87134-652-1.jpg.383483\" width=\"180\" height=\"236\" class=\"alignnone size-full wp-image-89\" \/><\/p>\n<h2>Titanic &#8211; das endg\u00c3\u00bcltige Satirebuch<\/h2>\n<h3>Das <span style=\"text-decoration: line-through;\">Zweit<\/span> Erstbeste aus 30 Jahren<\/h3>\n<h3>Peter Knorr, Oliver Maria Schmitt, Martin Sonneborn, Mark-Stefan Tietze,  (Hg.) u.a.<\/h3>\n<h3>Erscheint bei <a href=\"http:\/\/www.rowohlt.de\/buch\/Titanic_das_endgueltige_Satirebuch.12082009.2767636.html\">Rowohlt Berlin<\/a><\/h3>\n","protected":false},"excerpt":{"rendered":"<p>Hamburch, hier Hamburch: da l\u00c3\u00a4sst man sich nicht zweimal bitten, am 27. Januar, im Literaturhaus Hamburg, Gast im &#8222;Toten Salon&#8220; der Herren Henschel und K\u00c3\u00a4hler zu sein und ausgew\u00c3\u00a4hlte Spezereien aus dem Oeuvre der GEK Gruppe zum Besten zu geben. Also zum Mitschreiben: Do, 27. 1. 2011, 20 Uhr, Literaturhaus Hamburg, Schwanenwik 38 Kartenvorverkauf Fr. [&hellip;]<\/p>\n","protected":false},"author":2,"featured_media":0,"parent":0,"menu_order":0,"comment_status":"open","ping_status":"open","template":"","meta":[],"_links":{"self":[{"href":"http:\/\/www.pitknorr.de\/index.php?rest_route=\/wp\/v2\/pages\/152"}],"collection":[{"href":"http:\/\/www.pitknorr.de\/index.php?rest_route=\/wp\/v2\/pages"}],"about":[{"href":"http:\/\/www.pitknorr.de\/index.php?rest_route=\/wp\/v2\/types\/page"}],"author":[{"embeddable":true,"href":"http:\/\/www.pitknorr.de\/index.php?rest_route=\/wp\/v2\/users\/2"}],"replies":[{"embeddable":true,"href":"http:\/\/www.pitknorr.de\/index.php?rest_route=%2Fwp%2Fv2%2Fcomments&post=152"}],"version-history":[{"count":23,"href":"http:\/\/www.pitknorr.de\/index.php?rest_route=\/wp\/v2\/pages\/152\/revisions"}],"predecessor-version":[{"id":318,"href":"http:\/\/www.pitknorr.de\/index.php?rest_route=\/wp\/v2\/pages\/152\/revisions\/318"}],"wp:attachment":[{"href":"http:\/\/www.pitknorr.de\/index.php?rest_route=%2Fwp%2Fv2%2Fmedia&parent=152"}],"curies":[{"name":"wp","href":"https:\/\/api.w.org\/{rel}","templated":true}]}}